{"id":27,"date":"2023-11-14T02:37:06","date_gmt":"2023-11-14T02:37:06","guid":{"rendered":"https:\/\/nguyenhieu.name.vn\/?page_id=27"},"modified":"2024-07-10T16:03:45","modified_gmt":"2024-07-10T09:03:45","slug":"blogging","status":"publish","type":"page","link":"https:\/\/nguyenhieu.name.vn\/?page_id=27","title":{"rendered":"Blogging"},"content":{"rendered":"\n<div class=\"wp-block-query is-layout-flow wp-block-query-is-layout-flow\"><ul class=\"wp-block-post-template is-layout-flow wp-block-post-template-is-layout-flow\"><li class=\"wp-block-post post-473 post type-post status-publish format-standard has-post-thumbnail hentry category-uncategorized\">\n<h2 class=\"wp-block-post-title\"><a href=\"https:\/\/nguyenhieu.name.vn\/?p=473\" target=\"_self\" >Penetration Testing<\/a><\/h2>\n\n<figure class=\"alignwide wp-block-post-featured-image\"><a href=\"https:\/\/nguyenhieu.name.vn\/?p=473\" target=\"_self\"  ><img loading=\"lazy\" decoding=\"async\" width=\"80\" height=\"80\" src=\"https:\/\/nguyenhieu.name.vn\/wp-content\/uploads\/2025\/07\/image1.png\" class=\"attachment-post-thumbnail size-post-thumbnail wp-post-image\" alt=\"Penetration Testing\" style=\"object-fit:cover;\" \/><\/a><\/figure>\n\n<div class=\"wp-block-post-excerpt\"><p class=\"wp-block-post-excerpt__excerpt\">Lorem Ipsum has been the industry&#8217;s standard dummy text ever since the 1500s when an unknown printer took a galley of type and scrambled it to make a type specimen book. <\/p><\/div>\n\n\n<hr class=\"wp-block-separator has-css-opacity\"\/>\n\n\n<div class=\"wp-block-post-date\"><time datetime=\"2025-07-30T13:24:30+07:00\">July 30, 2025<\/time><\/div>\n<\/li><li class=\"wp-block-post post-144 post type-post status-publish format-standard has-post-thumbnail hentry category-system\">\n<h2 class=\"wp-block-post-title\"><a href=\"https:\/\/nguyenhieu.name.vn\/?p=144\" target=\"_self\" >C\u00e1ch N\u00e2ng C\u1ea5p Win 10\/11 Home L\u00ean Win 10\/11 Pro<\/a><\/h2>\n\n<figure class=\"alignwide wp-block-post-featured-image\"><a href=\"https:\/\/nguyenhieu.name.vn\/?p=144\" target=\"_self\"  ><img loading=\"lazy\" decoding=\"async\" width=\"600\" height=\"600\" src=\"https:\/\/nguyenhieu.name.vn\/wp-content\/uploads\/2024\/07\/Windows11Professional.jpg\" class=\"attachment-post-thumbnail size-post-thumbnail wp-post-image\" alt=\"C\u00e1ch N\u00e2ng C\u1ea5p Win 10\/11 Home L\u00ean Win 10\/11 Pro\" style=\"object-fit:cover;\" srcset=\"https:\/\/nguyenhieu.name.vn\/wp-content\/uploads\/2024\/07\/Windows11Professional.jpg 600w, https:\/\/nguyenhieu.name.vn\/wp-content\/uploads\/2024\/07\/Windows11Professional-300x300.jpg 300w, https:\/\/nguyenhieu.name.vn\/wp-content\/uploads\/2024\/07\/Windows11Professional-150x150.jpg 150w\" sizes=\"auto, (max-width: 600px) 100vw, 600px\" \/><\/a><\/figure>\n\n<div class=\"wp-block-post-excerpt\"><p class=\"wp-block-post-excerpt__excerpt\">B\u1ea1n \u0111ang c\u00f3 m\u00e1y t\u00ednh ch\u1ea1y Windows 10 Home. B\u1ea1n mu\u1ed1n n\u00e2ng c\u1ea5p l\u00ean phi\u00ean b\u1ea3n Windows 10 Pro \u0111\u1ec3 c\u00f3 th\u1ec3 s\u1eed d\u1ee5ng \u0111\u1ea7y \u0111\u1ee7 c\u00e1c t\u00ednh n\u0103ng? Vi\u1ec7c \u0111\u1ea7u ti\u00ean b\u1ea1n ngh\u0129 l\u00e0 c\u00e0i l\u1ea1i Win? \u0110\u00fang v\u1eady! Nh\u01b0ng KH\u00d4NG! V\u00ec l\u00e0m nh\u01b0 v\u1eady b\u1ea1n s\u1ebd m\u1ea5t s\u1ea1ch d\u1eef li\u1ec7u \u0111ang c\u00f3 c\u1ee7a&hellip; <\/p><\/div>\n\n\n<hr class=\"wp-block-separator has-css-opacity\"\/>\n\n\n<div class=\"wp-block-post-date\"><time datetime=\"2024-07-26T14:39:51+07:00\">July 26, 2024<\/time><\/div>\n<\/li><li class=\"wp-block-post post-123 post type-post status-publish format-standard has-post-thumbnail hentry category-mysql\">\n<h2 class=\"wp-block-post-title\"><a href=\"https:\/\/nguyenhieu.name.vn\/?p=123\" target=\"_self\" >C\u00e1ch sao l\u01b0u c\u01a1 s\u1edf d\u1eef li\u1ec7u MySQL b\u1eb1ng AutoMySQLBackup<\/a><\/h2>\n\n<figure class=\"alignwide wp-block-post-featured-image\"><a href=\"https:\/\/nguyenhieu.name.vn\/?p=123\" target=\"_self\"  ><img loading=\"lazy\" decoding=\"async\" width=\"800\" height=\"450\" src=\"https:\/\/nguyenhieu.name.vn\/wp-content\/uploads\/2024\/01\/image.png\" class=\"attachment-post-thumbnail size-post-thumbnail wp-post-image\" alt=\"C\u00e1ch sao l\u01b0u c\u01a1 s\u1edf d\u1eef li\u1ec7u MySQL b\u1eb1ng AutoMySQLBackup\" style=\"object-fit:cover;\" srcset=\"https:\/\/nguyenhieu.name.vn\/wp-content\/uploads\/2024\/01\/image.png 800w, https:\/\/nguyenhieu.name.vn\/wp-content\/uploads\/2024\/01\/image-300x169.png 300w, https:\/\/nguyenhieu.name.vn\/wp-content\/uploads\/2024\/01\/image-768x432.png 768w\" sizes=\"auto, (max-width: 800px) 100vw, 800px\" \/><\/a><\/figure>\n\n<div class=\"wp-block-post-excerpt\"><p class=\"wp-block-post-excerpt__excerpt\">Gi\u1edbi thi\u1ec7u V\u1edbi b\u1ea3n ch\u1ea5t c\u1ee7a c\u01a1 s\u1edf d\u1eef li\u1ec7u MySQL , ch\u00fang c\u00f3 xu h\u01b0\u1edbng l\u01b0u tr\u1eef th\u00f4ng tin qu\u00fd gi\u00e1. \u0110\u00f3 l\u00e0 l\u00fd do t\u1ea1i sao b\u1ea1n ph\u1ea3i c\u00f3 ch\u00ednh s\u00e1ch sao l\u01b0u \u0111\u1ec3 gi\u1eef th\u00f4ng tin n\u00e0y an to\u00e0n. B\u1ea1n c\u00f3 m\u1ed9t s\u1ed1 t\u00f9y ch\u1ecdn \u0111\u1ec3 sao l\u01b0u c\u01a1 s\u1edf d\u1eef li\u1ec7u&hellip; <\/p><\/div>\n\n\n<hr class=\"wp-block-separator has-css-opacity\"\/>\n\n\n<div class=\"wp-block-post-date\"><time datetime=\"2024-01-04T12:59:42+07:00\">January 4, 2024<\/time><\/div>\n<\/li><li class=\"wp-block-post post-113 post type-post status-publish format-standard hentry category-uncategorized\">\n<h2 class=\"wp-block-post-title\"><a href=\"https:\/\/nguyenhieu.name.vn\/?p=113\" target=\"_self\" >C\u00e1ch \u0111\u1ea3m b\u1ea3o c\u01a1 s\u1edf d\u1eef li\u1ec7u MySQL c\u1ee7a b\u1ea1n \u0111\u01b0\u1ee3c b\u1ea3o m\u1eadt<\/a><\/h2>\n\n\n\n<div class=\"wp-block-post-excerpt\"><p class=\"wp-block-post-excerpt__excerpt\">Ki\u1ec3m tra v\u00e0 ghi nh\u1eadt k\u00fd h\u1ec7 th\u1ed1ng th\u00f4ng tin Nh\u1eadt k\u00fd \u0111\u00f3ng m\u1ed9t vai tr\u00f2 quan tr\u1ecdng \u0111\u1ed1i v\u1edbi v\u1ea5n \u0111\u1ec1 b\u1ea3o m\u1eadt khi c\u00f3 m\u1ed9t cu\u1ed9c t\u1ea5n c\u00f4ng m\u1ea1ng b\u1ecb nghi ng\u1edd.&nbsp;Vi\u1ec7c xem x\u00e9t nh\u1eadt k\u00fd theo c\u00e1ch th\u1ee7 c\u00f4ng l\u00e0 m\u1ed9t c\u00f4ng vi\u1ec7c kh\u00f3 kh\u0103n \u0111\u1ed1i v\u1edbi nh\u00e2n vi\u00ean an ninh v\u00e0&hellip; <\/p><\/div>\n\n\n<hr class=\"wp-block-separator has-css-opacity\"\/>\n\n\n<div class=\"wp-block-post-date\"><time datetime=\"2023-12-22T15:20:02+07:00\">December 22, 2023<\/time><\/div>\n<\/li><li class=\"wp-block-post post-109 post type-post status-publish format-standard has-post-thumbnail hentry category-networking category-system category-tips-and-tricks tag-hotspot tag-password tag-wi-fi\">\n<h2 class=\"wp-block-post-title\"><a href=\"https:\/\/nguyenhieu.name.vn\/?p=109\" target=\"_self\" >B\u1ea3o m\u1eadt Wi-Fi khi \u0111i du l\u1ecbch \u2013 L\u1eddi khuy\u00ean v\u00e0 bi\u1ec7n ph\u00e1p ph\u00f2ng ng\u1eeba c\u1ea7n th\u1ef1c hi\u1ec7n<\/a><\/h2>\n\n<figure class=\"alignwide wp-block-post-featured-image\"><a href=\"https:\/\/nguyenhieu.name.vn\/?p=109\" target=\"_self\"  ><img loading=\"lazy\" decoding=\"async\" width=\"800\" height=\"450\" src=\"https:\/\/nguyenhieu.name.vn\/wp-content\/uploads\/2023\/12\/image-4.png\" class=\"attachment-post-thumbnail size-post-thumbnail wp-post-image\" alt=\"B\u1ea3o m\u1eadt Wi-Fi khi \u0111i du l\u1ecbch \u2013 L\u1eddi khuy\u00ean v\u00e0 bi\u1ec7n ph\u00e1p ph\u00f2ng ng\u1eeba c\u1ea7n th\u1ef1c hi\u1ec7n\" style=\"object-fit:cover;\" srcset=\"https:\/\/nguyenhieu.name.vn\/wp-content\/uploads\/2023\/12\/image-4.png 800w, https:\/\/nguyenhieu.name.vn\/wp-content\/uploads\/2023\/12\/image-4-300x169.png 300w, https:\/\/nguyenhieu.name.vn\/wp-content\/uploads\/2023\/12\/image-4-768x432.png 768w\" sizes=\"auto, (max-width: 800px) 100vw, 800px\" \/><\/a><\/figure>\n\n<div class=\"wp-block-post-excerpt\"><p class=\"wp-block-post-excerpt__excerpt\">An ninh m\u1ea1ng kh\u00f4ng ch\u1ec9 b\u1ea3o v\u1ec7 PC v\u00e0 thi\u1ebft b\u1ecb di \u0111\u1ed9ng c\u1ee7a b\u1ea1n kh\u1ecfi c\u00e1c cu\u1ed9c t\u1ea5n c\u00f4ng c\u1ee7a Trojan v\u00e0 Ph\u1ea7n m\u1ec1m \u0111\u1ed9c h\u1ea1i;\u00a0n\u00f3 li\u00ean quan nhi\u1ec1u h\u01a1n \u0111\u1ebfn vi\u1ec7c b\u1ea3o m\u1eadt m\u1ea1ng c\u1ee7a b\u1ea1n.\u00a0B\u1ea1n c\u1ea7n b\u1ea3o m\u1eadt m\u1ecdi ph\u1ea7n trong m\u1ea1ng c\u1ee7a m\u00ecnh.\u00a0Wi-Fi\u00a0c\u00f4ng c\u1ed9ng m\u1edf v\u00e0 mi\u1ec5n ph\u00ed\u00a0th\u01b0\u1eddng mang l\u1ea1i n\u1ee5&hellip; <\/p><\/div>\n\n\n<hr class=\"wp-block-separator has-css-opacity\"\/>\n\n\n<div class=\"wp-block-post-date\"><time datetime=\"2023-12-14T15:32:59+07:00\">December 14, 2023<\/time><\/div>\n<\/li><\/ul><\/div>\n","protected":false},"excerpt":{"rendered":"","protected":false},"author":1,"featured_media":0,"parent":0,"menu_order":0,"comment_status":"closed","ping_status":"closed","template":"templates\/left-sidebar.php","meta":{"footnotes":""},"class_list":["post-27","page","type-page","status-publish","hentry"],"_links":{"self":[{"href":"https:\/\/nguyenhieu.name.vn\/index.php?rest_route=\/wp\/v2\/pages\/27","targetHints":{"allow":["GET"]}}],"collection":[{"href":"https:\/\/nguyenhieu.name.vn\/index.php?rest_route=\/wp\/v2\/pages"}],"about":[{"href":"https:\/\/nguyenhieu.name.vn\/index.php?rest_route=\/wp\/v2\/types\/page"}],"author":[{"embeddable":true,"href":"https:\/\/nguyenhieu.name.vn\/index.php?rest_route=\/wp\/v2\/users\/1"}],"replies":[{"embeddable":true,"href":"https:\/\/nguyenhieu.name.vn\/index.php?rest_route=%2Fwp%2Fv2%2Fcomments&post=27"}],"version-history":[{"count":13,"href":"https:\/\/nguyenhieu.name.vn\/index.php?rest_route=\/wp\/v2\/pages\/27\/revisions"}],"predecessor-version":[{"id":129,"href":"https:\/\/nguyenhieu.name.vn\/index.php?rest_route=\/wp\/v2\/pages\/27\/revisions\/129"}],"wp:attachment":[{"href":"https:\/\/nguyenhieu.name.vn\/index.php?rest_route=%2Fwp%2Fv2%2Fmedia&parent=27"}],"curies":[{"name":"wp","href":"https:\/\/api.w.org\/{rel}","templated":true}]}}